{"id":4034,"date":"2020-06-08T14:00:27","date_gmt":"2020-06-08T14:00:27","guid":{"rendered":"http:\/\/binbio.de\/?page_id=4034"},"modified":"2020-09-02T08:29:52","modified_gmt":"2020-09-02T08:29:52","slug":"binbio-natuerlicher-abfall","status":"publish","type":"page","link":"http:\/\/binbio.de\/?page_id=4034","title":{"rendered":""},"content":{"rendered":"\n<center><h2>Binbio &#8211; Nat\u00fcrlicher Abfall, leicht gemacht \ud83d\ude42<\/h2><\/center>\n\n\n\n<div class=\"wp-block-group\"><div class=\"wp-block-group__inner-container is-layout-flow wp-block-group-is-layout-flow\">\n<div class=\"wp-block-media-text alignwide has-media-on-the-right is-stacked-on-mobile\" style=\"grid-template-columns:auto 48%\"><figure class=\"wp-block-media-text__media\"><img loading=\"lazy\" decoding=\"async\" width=\"1024\" height=\"1024\" src=\"http:\/\/binbio.de\/wp-content\/uploads\/2020\/09\/listing_binbio_verpackung-1024x1024.png\" alt=\"\" class=\"wp-image-4248\" srcset=\"http:\/\/binbio.de\/wp-content\/uploads\/2020\/09\/listing_binbio_verpackung-1024x1024.png 1024w, http:\/\/binbio.de\/wp-content\/uploads\/2020\/09\/listing_binbio_verpackung-300x300.png 300w, http:\/\/binbio.de\/wp-content\/uploads\/2020\/09\/listing_binbio_verpackung-150x150.png 150w, http:\/\/binbio.de\/wp-content\/uploads\/2020\/09\/listing_binbio_verpackung-768x768.png 768w, http:\/\/binbio.de\/wp-content\/uploads\/2020\/09\/listing_binbio_verpackung.png 1200w\" sizes=\"(max-width: 1024px) 100vw, 1024px\" \/><\/figure><div class=\"wp-block-media-text__content\">\n<p>Alle Verpackungen werden irgendwann einmal entsorgt. Die einen werden verbrannt, die anderen werden recycelt, viel zu wenige werden kompostiert.<\/p>\n\n\n\n<p>Wir von BINBIO setzen auf die Kompostierung, weil nach unserer Auffassung das Recycling von Plastik nicht die optimale L\u00f6sung ist, sondern nur eine Verl\u00e4ngerung des Lebenszyklus \u2013 denn am Ende wird auch die recycelte Verpackung verbrannt.<\/p>\n\n\n\n<p>Wie oft muss ein Biobeh\u00e4lter gewaschen und desinfiziert werden? Am ende kauft man sich nach wenigen Monaten eh einen neuen, unsere L\u00f6sung ist ein Biobeh\u00e4lter der einfach in der Papiertonne entsorgt wird, und ein neuer aufgestellt werden kann. Weniger arbeit und kein Plastikm\u00fcll!<\/p>\n\n\n\n<p>Die Kompostierung ist die logische und nat\u00fcrliche Form der Entsorgung. Sie funktioniert aber nur, wenn die Verpackungen aus nat\u00fcrlichen und nachwachsenden Rohstoffen bestehen. Dann zerfallen sie in ihre Ausgangsmaterialien und schlie\u00dfen den nat\u00fcrlichen Entsorgungskreislauf. So hat es die Natur vorgesehen.<\/p>\n\n\n\n<p><\/p>\n<\/div><\/div>\n<\/div><\/div>\n\n\n\n<center><h2>Wenn auch Sie auf die Philosophie der Kompostierung setzen und Materialien verwenden m\u00f6chten, die im Einklang mit der Natur stehen, werden Ihnen unsere Produkte gefallen.<\/h2><\/center>\n\n\n\n<div class=\"wp-block-image\"><figure class=\"aligncenter size-large\"><img loading=\"lazy\" decoding=\"async\" width=\"1024\" height=\"1024\" src=\"http:\/\/binbio.de\/wp-content\/uploads\/2020\/08\/listing_binbio_lifestyle2-1024x1024.jpg\" alt=\"\" class=\"wp-image-4229\" srcset=\"http:\/\/binbio.de\/wp-content\/uploads\/2020\/08\/listing_binbio_lifestyle2-1024x1024.jpg 1024w, http:\/\/binbio.de\/wp-content\/uploads\/2020\/08\/listing_binbio_lifestyle2-300x300.jpg 300w, http:\/\/binbio.de\/wp-content\/uploads\/2020\/08\/listing_binbio_lifestyle2-150x150.jpg 150w, http:\/\/binbio.de\/wp-content\/uploads\/2020\/08\/listing_binbio_lifestyle2-768x768.jpg 768w, http:\/\/binbio.de\/wp-content\/uploads\/2020\/08\/listing_binbio_lifestyle2.jpg 1200w\" sizes=\"(max-width: 1024px) 100vw, 1024px\" \/><\/figure><\/div>\n<!-- sktbuilder starter --><script type=\"text\/javascript\" src=\"http:\/\/binbio.de\/wp-content\/plugins\/skt-builder\/sktbuilder\/sktbuilder-frontend-starter.js\"><\/script><script type=\"text\/javascript\" src=\"http:\/\/binbio.de\/wp-content\/plugins\/skt-builder\/sktbuilder-wordpress-driver.js\"><\/script><script type=\"text\/javascript\"> var starter = new SktbuilderStarter({\"mode\": \"prod\", \"skip\":[\"jquery\",\"underscore\",\"backbone\"],\"sktbuilderUrl\": \"http:\/\/binbio.de\/wp-content\/plugins\/skt-builder\/sktbuilder\/\", \"driver\": new SktbuilderWordpressDriver({\"ajaxUrl\": \"http:\/\/binbio.de\/wp-admin\/admin-ajax.php\", \"iframeUrl\": \"http:\/\/binbio.de\/?page_id=4034&sktbuilder=true\", \"pageId\": 4034,  \"nonce\": \"643e6d8267\", \"pages\": [{\"title\":\"Home\",\"url\":\"http:\\\/\\\/binbio.de\\\/wp-admin\\\/post.php?post=3857&action=sktbuilder\"}], \"page\": \"No title\" }) });<\/script><!-- end sktbuilder starter --> ","protected":false},"excerpt":{"rendered":"<p>Binbio &#8211; Nat\u00fcrlicher Abfall, leicht gemacht \ud83d\ude42 Alle Verpackungen werden irgendwann einmal entsorgt. Die einen werden verbrannt, die anderen werden recycelt, viel zu wenige werden kompostiert. Wir von BINBIO setzen auf die Kompostierung, weil nach unserer Auffassung das Recycling von Plastik nicht die optimale L\u00f6sung ist, sondern nur eine Verl\u00e4ngerung des Lebenszyklus \u2013 denn am<br \/><a class=\"moretag\" href=\"http:\/\/binbio.de\/?page_id=4034\">+ Read More<\/a><\/p>\n","protected":false},"author":1,"featured_media":4299,"parent":0,"menu_order":0,"comment_status":"closed","ping_status":"closed","template":"templates\/page-fullwidth_template.php","meta":{"footnotes":""},"_links":{"self":[{"href":"http:\/\/binbio.de\/index.php?rest_route=\/wp\/v2\/pages\/4034"}],"collection":[{"href":"http:\/\/binbio.de\/index.php?rest_route=\/wp\/v2\/pages"}],"about":[{"href":"http:\/\/binbio.de\/index.php?rest_route=\/wp\/v2\/types\/page"}],"author":[{"embeddable":true,"href":"http:\/\/binbio.de\/index.php?rest_route=\/wp\/v2\/users\/1"}],"replies":[{"embeddable":true,"href":"http:\/\/binbio.de\/index.php?rest_route=%2Fwp%2Fv2%2Fcomments&post=4034"}],"version-history":[{"count":26,"href":"http:\/\/binbio.de\/index.php?rest_route=\/wp\/v2\/pages\/4034\/revisions"}],"predecessor-version":[{"id":4300,"href":"http:\/\/binbio.de\/index.php?rest_route=\/wp\/v2\/pages\/4034\/revisions\/4300"}],"wp:featuredmedia":[{"embeddable":true,"href":"http:\/\/binbio.de\/index.php?rest_route=\/wp\/v2\/media\/4299"}],"wp:attachment":[{"href":"http:\/\/binbio.de\/index.php?rest_route=%2Fwp%2Fv2%2Fmedia&parent=4034"}],"curies":[{"name":"wp","href":"https:\/\/api.w.org\/{rel}","templated":true}]}}