{"id":4301,"date":"2020-09-02T08:34:19","date_gmt":"2020-09-02T08:34:19","guid":{"rendered":"http:\/\/binbio.de\/?page_id=4301"},"modified":"2020-09-02T08:35:28","modified_gmt":"2020-09-02T08:35:28","slug":"impressum","status":"publish","type":"page","link":"http:\/\/binbio.de\/?page_id=4301","title":{"rendered":"Impressum"},"content":{"rendered":"\n<p>Karol Rozycki<br>Georg-Heinemann Strasse 79<br>23909 Ratzeburg<br>Tel: 0162\/9432809<br>info@binbio.de<\/p>\n\n\n\n<p><strong>Umsatzsteuer-ID:<\/strong><br>Umsatzsteuer-Identifikationsnummer nach \u00a727a Umsatzsteuergesetz:<br>DE327825525<\/p>\n\n\n\n<p><strong>Berufshaftpflichtversicherung:<\/strong><\/p>\n\n\n\n<p><br><strong>Aufsichtsbeh\u00f6rde:<\/strong><br><a href=\"https:\/\/www.kreis-rz.de\/Politik-und-Verwaltung\/Kreisverwaltung\/Stabsstellen-sonstige-Einheiten\/Gemeinsamer-beh%C3%B6rdlicher-Datenschutzbeauftragter\/index.php?object=tx,3149.1&amp;ModID=9&amp;FID=327.743.1&amp;NavID=1814.50&amp;sNavID=1814.50&amp;La=1\"><strong>Kreis Herzogtum Lauenburg<\/strong><\/a><br>Barlachstra\u00dfe&nbsp;2<br>23909&nbsp;Ratzeburg<\/p>\n\n\n\n<p><br><br><\/p>\n\n\n\n<h1 class=\"wp-block-heading\">Disclaimer &#8211; rechtliche Hinweise<\/h1>\n\n\n\n<p><strong>Auskunfts- und Widerrufsrecht<\/strong><\/p>\n\n\n\n<p>Sie haben jederzeit das Recht, sich unentgeltlich und unverz\u00fcglich \u00fcber die zu Ihrer Person erhobenen Daten zu erkundigen. Ebenfalls k\u00f6nnen Sie Ihre Zustimmung zur Verwendung Ihrer angegebenen pers\u00f6nlichen Daten mit Wirkung f\u00fcr die Zukunft widerrufen. Hierf\u00fcr wenden Sie sich bitte an den im Impressum angegebenen Diensteanbieter.<\/p>\n\n\n\n<p><strong>Datenschutz (allgemein)<\/strong><\/p>\n\n\n\n<p>Beim Zugriff auf unsere Webseite werden automatisch allgemeine Informationen (sog. Server-Logfiles) erfasst. Diese beinhalten u.a. den von Ihnen verwendeten Webbrowser sowie Ihr Betriebssystem und Ihren Internet Service Provider. Diese Daten lassen keinerlei R\u00fcckschl\u00fcsse auf Ihre Person zu und werden von uns statistisch ausgewertet, um unseren Internetauftritt technisch und inhaltlich zu verbessern. Das Erfassen dieser Informationen ist notwendig, um den Inhalt der Webseite korrekt ausliefern zu k\u00f6nnen.<\/p>\n\n\n\n<p>Die Nutzung der Webseite ist grunds\u00e4tzlich ohne Angabe personenbezogener Daten m\u00f6glich. Soweit personenbezogene Daten (beispielsweise Name, Anschrift oder E-Mail-Adressen) erhoben werden, erfolgt dies, soweit m\u00f6glich, stets auf freiwilliger Basis. Diese Daten werden ohne Ihre ausdr\u00fcckliche Zustimmung nicht an Dritte weitergegeben.<\/p>\n\n\n\n<p>Sofern ein Vertragsverh\u00e4ltnis begr\u00fcndet, inhaltlich ausgestaltet oder ge\u00e4ndert werden soll oder Sie an uns eine Anfrage stellen, erheben und verwenden wir personenbezogene Daten von Ihnen, soweit dies zu diesem Zwecke erforderlich ist (Bestandsdaten). Wir erheben, verarbeiten und nutzen personenbezogene Daten soweit dies erforderlich ist, um Ihnen die Inanspruchnahme des Webangebots zu erm\u00f6glichen (Nutzungsdaten). S\u00e4mtliche personenbezogenen Daten werden nur solange gespeichert wie dies f\u00fcr den genannten Zweck (Bearbeitung Ihrer Anfrage oder Abwicklung eines Vertrags) erforderlich ist. Hierbei werden steuer- und handelsrechtliche Aufbewahrungsfristen von uns ber\u00fccksichtigt. Auf Anordnung der zust\u00e4ndigen Stellen m\u00fcssen wir im Einzelfall Auskunft \u00fcber diese Daten (Bestandsdaten) erteilen, soweit dies f\u00fcr Zwecke der Strafverfolgung, zur Gefahrenabwehr, zur Erf\u00fcllung der gesetzlichen Aufgaben der Verfassungsschutzbeh\u00f6rden oder des Milit\u00e4rischen Abschirmdienstes oder zur Durchsetzung der Rechte am geistigen Eigentum erforderlich ist.<\/p>\n\n\n\n<p>Wir weisen ausdr\u00fccklich darauf hin, dass die Daten\u00fcbertragung im Internet (z. B. bei der Kommunikation per E-Mail) Sicherheitsl\u00fccken aufweisen kann. Vor dem Zugriff auf Daten kann nicht l\u00fcckenlos gesch\u00fctzt werden.<\/p>\n\n\n\n<p>Die Nutzung von im Rahmen der Impressumspflicht ver\u00f6ffentlichten Kontaktdaten durch Dritte zur \u00dcbersendung von nicht ausdr\u00fccklich angeforderter Werbung und Informationsmaterialien wird hiermit ausdr\u00fccklich untersagt. Ausgenommen hiervon sind bestehende Gesch\u00e4ftsbeziehungen bzw. es liegt Ihnen eine entsprechende Einwilligung von uns vor.<\/p>\n\n\n\n<p>Die Anbieter und alle auf dieser Website genannten Dritten behalten sich ausdr\u00fccklich rechtliche Schritte im Falle der unverlangten Zusendung von Werbeinformationen vor. Gleiches gilt f\u00fcr die kommerzielle Verwendung und Weitergabe der Daten.<\/p>\n\n\n\n<p><strong>Datenschutzerkl\u00e4rung Facebook-Plugins (Like\/ Gef\u00e4llt mir-Button etc.)<\/strong><\/p>\n\n\n\n<p>Auf dieser Website sind Plugins des Social-Media-Anbieters Facebook.com (f\u00fcr Europa: Facebook Irland Limited, 4 Grand Canal Square, Dublin 2, Ireland; f\u00fcr die USA: Facebook Inc., 1601 Willow Road, Menlo Park, CA 94025, USA), implementiert. Eine \u00dcbersicht der Facebook-Plugins finden Sie hier: <a target=\"_blank\" href=\"https:\/\/developers.facebook.com\/docs\/plugins\/\" rel=\"noreferrer noopener\">https:\/\/developers.facebook.com\/docs\/plugins\/<\/a>.<\/p>\n\n\n\n<p>Durch Ihren Besuch auf Seiten mit Facebook-Plugins, wird durch das Plugin eine Verbindung zwischen Ihrem Browser und einem Server von Facebook hergestellt. Hierdurch erh\u00e4lt Facebook Informationen zu Ihrer IP-Adresse und dem Besuch auf unserer Website.<\/p>\n\n\n\n<p>Durch Anklicken der Facebook-Plugins gelangen Sie zum Login-Bereich von Facebook. Bereits eingeloggte Facebook-Nutzer k\u00f6nnen sofort Inhalte unserer Website auf ihren Facebook-Profilen ver\u00f6ffentlichen. Infolge der Nutzung dieser Plugins kann Facebook den Besuch unserer Website Ihrem pers\u00f6nlichen Benutzerkonto zuordnen. Wir weisen ausdr\u00fccklich darauf hin, dass wir als Anbieter dieser Internetseiten keine Kenntnis vom Inhalt der \u00fcbermittelten Daten sowie deren Nutzung durch Facebook erhalten. Weitere Informationen zum Datenschutz durch Facebook erhalten Sie unter: <a target=\"_blank\" href=\"https:\/\/de-de.facebook.com\/policy.php\" rel=\"noreferrer noopener\">https:\/\/de-de.facebook.com\/policy.php<\/a>.<\/p>\n\n\n\n<p>Um eine Zuordnung durch Facebook zwischen Ihrem Besuch auf unserer Website zu Ihrem Benutzerkonto zu verhindern, m\u00fcssen Sie sich aus Ihrem Facebook-Account ausloggen.<\/p>\n\n\n\n<p><strong>Datenschutzerkl\u00e4rung Twitter<\/strong><\/p>\n\n\n\n<p>Auf dieser Seite sind Plugins des Messenagerdienstes Twitter (Twitter Inc., 1355 Market Street, Suite 900, San Francisco, CA 94103, USA) implementiert. Durch das Nutzen des Plugins werden die von Ihnen besuchten Websites mit Ihrem Twitter-Profil verkn\u00fcpft und ver\u00f6ffentlicht. Hierbei werden auch Daten an Twitter \u00fcbertragen. Wir weisen ausdr\u00fccklich darauf hin, dass wir als Anbieter dieser Internetseiten keine Kenntnis vom Inhalt der \u00fcbermittelten Daten sowie deren Nutzung durch Twitter erhalten. Weitere Informationen zum Datenschutz durch Twitter erhalten Sie unter: <a href=\"https:\/\/twitter.com\/privacy\" target=\"_blank\" rel=\"noreferrer noopener\">https:\/\/twitter.com\/privacy<\/a>.<\/p>\n\n\n\n<p>Die Datenschutzeinstellungen von Twitter k\u00f6nnen Sie in Ihrem Twitter-Account \u00e4ndern: <a href=\"https:\/\/twitter.com\/login?redirect_after_login=%2Faccount%2Fsettings\" target=\"_blank\" rel=\"noreferrer noopener\">https:\/\/twitter.com\/login?redirect_after_login=%2Faccount%2Fsettings<\/a><\/p>\n\n\n\n<p><strong>Google Analytics<\/strong><\/p>\n\n\n\n<p>Diese Website benutzt Google Analytics, einen Webanalysedienst der Google Inc. (&#8222;Google&#8220;), 1600 Amphitheatre Parkway, Mountain View, CA 94043, USA. Google Analytics verwendet sog. &#8222;Cookies&#8220; (Textdateien), die auf Ihrem Computer gespeichert werden und die eine Analyse der Benutzung der Website durch Sie erm\u00f6glichen. Die durch das Cookie erzeugten Informationen \u00fcber Ihre Benutzung dieser Website werden in der Regel an einen Server von Google in den USA \u00fcbertragen und dort gespeichert. Im Falle der Aktivierung der IP-Anonymisierung auf dieser Website, wird Ihre IP-Adresse von Google jedoch innerhalb von Mitgliedstaaten der Europ\u00e4ischen Union oder in anderen Vertragsstaaten des Abkommens \u00fcber den Europ\u00e4ischen Wirtschaftsraum zuvor gek\u00fcrzt. Nur in Ausnahmef\u00e4llen wird die vollst\u00e4ndige IP-Adresse an einen Server von Google in den USA \u00fcbertragen und dort anonymisiert. Im Auftrag des Betreibers dieser Website wird Google diese Informationen benutzen, um Ihre Nutzung der Website auszuwerten, um Reports \u00fcber die Websiteaktivit\u00e4ten zusammenzustellen und um weitere mit der Websitenutzung und der Internetnutzung verbundene Dienstleistungen gegen\u00fcber dem Websitebetreiber zu erbringen. Die im Rahmen von Google Analytics von Ihrem Browser \u00fcbermittelte IP-Adresse wird nicht mit anderen Daten von Google zusammengef\u00fchrt.<\/p>\n\n\n\n<p>Sie k\u00f6nnen die Speicherung der Cookies durch eine entsprechende Einstellung Ihrer Browser-Software verhindern; wir weisen Sie jedoch darauf hin, dass Sie in diesem Fall gegebenenfalls nicht s\u00e4mtliche Funktionen dieser Website vollumf\u00e4nglich nutzen k\u00f6nnen. Sie k\u00f6nnen dar\u00fcber hinaus die Erfassung der durch das Cookie erzeugten und auf Ihre Nutzung der Website bezogenen Daten (inkl. Ihrer IP-Adresse) an Google sowie die Verarbeitung dieser Daten durch Google verhindern, indem sie das unter dem folgenden Link verf\u00fcgbare Browser-Add-on herunterladen und installieren: <a target=\"_blank\" href=\"http:\/\/tools.google.com\/dlpage\/gaoptout?hl=de\" rel=\"noreferrer noopener\">http:\/\/tools.google.com\/dlpage\/gaoptout?hl=de<\/a>. Das Browser-Add-on zur Deaktivierung von Google Analytics ist mit Chrome, Internet Explorer 8 bis 11, Safari, Firefox und Opera kompatibel.<\/p>\n\n\n\n<p>Weitere Informationen zu Nutzungsbedingungen und Datenschutz finden Sie unter folgenden Links: <a target=\"_blank\" href=\"http:\/\/www.google.com\/analytics\/terms\/de.html\" rel=\"noreferrer noopener\">http:\/\/www.google.com\/analytics\/terms\/de.html<\/a> und <a target=\"_blank\" href=\"https:\/\/www.google.de\/intl\/de\/policies\/\" rel=\"noreferrer noopener\">https:\/\/www.google.de\/intl\/de\/policies\/<\/a>.<\/p>\n\n\n\n<p><strong>Google Adsense<\/strong><\/p>\n\n\n\n<p>Diese Website benutzt Google Adsense, einen Werbeanzeigendienst der Google Inc. (&#8222;Google&#8220;), 1600 Amphitheatre Parkway, Mountain View, CA 94043, USA. Google Adsense verwendet sog. &#8222;Cookies&#8220; (Textdateien), die auf Ihrem Computer gespeichert werden und die eine Analyse der Benutzung der Website durch Sie erm\u00f6glichen. F\u00fcr die Auswertung verwendet Google Adsense zus\u00e4tzlich sog. &#8222;Web Beacons&#8220; (kleine unsichtbare Grafiken), welche z. B. Informationen wie den Besucherverkehr auf der Seite erzeugen. Diese gesammelten Informationen (einschlie\u00dflich Ihrer IP-Adresse) werden in der Regel an einen Server von Google in den USA \u00fcbertragen und dort gespeichert. Die Informationen verwendet Google, um Ihre Nutzung der Website im Hinblick auf die Werbeanzeigen zu analysieren und so Auswertungen \u00fcber die Websiteaktivit\u00e4ten und Werbeanzeigen f\u00fcr die Betreiber der Website vornehmen zu k\u00f6nnen sowie weitere Dienstleistungen in Bezug auf die Websitenutzung und Internetnutzung erbringen zu k\u00f6nnen. Die von Google gesammelten Informationen k\u00f6nnen an Dritte, durch Vertrag oder durch gesetzliche Vorschriften, von Google weitergegeben werden. Google wird Ihre IP-Adresse nicht mit anderen von Ihnen gespeicherten Daten verkn\u00fcpfen.<\/p>\n\n\n\n<p>Sie k\u00f6nnen die Speicherung der Cookies und die Anzeige der Web Beacons durch eine entsprechende Einstellung Ihrer Browser-Software verhindern; wir weisen Sie jedoch darauf hin, dass Sie in diesem Fall gegebenenfalls nicht s\u00e4mtliche Funktionen dieser Website vollumf\u00e4nglich nutzen k\u00f6nnen.<\/p>\n\n\n\n<p>Durch die Nutzung dieser Website erkl\u00e4ren Sie sich mit der Bearbeitung der \u00fcber Sie erhobenen Daten durch Google in der zuvor beschriebenen Art und Weise und zu dem zuvor benannten Zweck einverstanden.<\/p>\n\n\n\n<p><strong>Datenschutzerkl\u00e4rung Google Plus<\/strong><\/p>\n\n\n\n<p>Auf dieser Website sind Plugins (&#8222;g+1&#8220; etc.) des Social-Networks Google Plus der Google Inc. (&#8222;Google&#8220;), 1600 Amphitheatre Parkway, Mountain View, CA 94043, USA implementiert. Die +1 Schaltfl\u00e4che erm\u00f6glicht es Ihnen als registrierter Google-Plus-Nutzer Ihr Interesse an unseren Webinhalten bei Google Plus zu ver\u00f6ffentlichen. Bei Benutzung der Schaltfl\u00e4che speichert Google die Information, dass Sie f\u00fcr einen bestimmten Webinhalt ein &#8222;+1&#8220; gegeben haben sowie Informationen \u00fcber die Site, die sich angesehen haben. Die von Ihnen vergebenen &#8222;+1&#8220; k\u00f6nnen zusammen mit Ihren Angaben Ihres Benutzerprofils bei Google (ggf. auch mit Ihrem Namen und Foto) bei Google Plus und anderen Google-Diensten ausgegeben werden. Weitere Informationen zur Datenerhebung, der Verarbeitung und Nutzung der Daten sowie zum Datenschutz durch Google erhalten Sie unter: <a target=\"_blank\" href=\"https:\/\/www.google.com\/intl\/de\/policies\/privacy\/\" rel=\"noreferrer noopener\">https:\/\/www.google.com\/intl\/de\/policies\/privacy\/<\/a>.<\/p>\n\n\n\n<p><strong>Datenschutzerkl\u00e4rung Google Remarketing und \u00e4hnliche Zielgruppen<\/strong><\/p>\n\n\n\n<p>Auf dieser Website sind Plugins f\u00fcr die Google Remarketing bzw. \u00e4hnliche Zielgruppen Funktionen der Google Inc. (&#8222;Google&#8220;), 1600 Amphitheatre Parkway, Mountain View, CA 94043, USA implementiert. Hierf\u00fcr werden sog. &#8222;Cookies&#8220; (Textdateien), die auf Ihrem Computer gespeichert werden und die eine Analyse der Benutzung der Website durch Sie erm\u00f6glichen, verwendet. Die durch das Cookie erzeugten Informationen \u00fcber Ihre Benutzung dieser Website werden in der Regel an einen Server von Google in den USA \u00fcbertragen und dort gespeichert. Es ist somit m\u00f6glich, sie auf anderen Websites im &#8222;Google Display-Netzwerk&#8220; zielgerichtet mit personalisierter und interessensbezogener Anzeigenwerbung anzusprechen. Sie k\u00f6nnen die Speicherung der Cookies durch eine entsprechende Einstellung Ihrer Browser-Software verhindern; wir weisen Sie jedoch darauf hin, dass Sie in diesem Fall gegebenenfalls nicht s\u00e4mtliche Funktionen dieser Website vollumf\u00e4nglich nutzen k\u00f6nnen. Sie k\u00f6nnen dar\u00fcber hinaus die Erfassung der durch das Cookie erzeugten und auf Ihre Nutzung der Website bezogenen Daten (inkl. Ihrer IP-Adresse) an Google sowie die Verarbeitung dieser Daten durch Google verhindern, indem sie das unter dem folgenden Link verf\u00fcgbare Browser-Add-on herunterladen und installieren: <a target=\"_blank\" href=\"https:\/\/www.google.com\/settings\/ads\/plugin?hl=de\" rel=\"noreferrer noopener\">https:\/\/www.google.com\/settings\/ads\/plugin?hl=de<\/a>. Das Browser-Add-on zur Deaktivierung von Google Analytics ist mit Chrome, Internet Explorer, Safari, und Firefox kompatibel. Dar\u00fcber hinaus k\u00f6nnen Sie die Verwendung von Cookies durch Drittanbieter deaktivieren. Hierf\u00fcr folgen Sie bitte den Anweisungen der Network Advertising Initiative (<a target=\"_blank\" href=\"http:\/\/www.networkadvertising.org\/choices\/\" rel=\"noreferrer noopener\">http:\/\/www.networkadvertising.org\/choices\/<\/a>).<\/p>\n\n\n\n<p>Weitere Informationen zu Nutzungsbedingungen und Datenschutz von Google Remarketing finden Sie unter folgendem Link: <a target=\"_blank\" href=\"http:\/\/www.google.com\/policies\/technologies\/ads\/\" rel=\"noreferrer noopener\">http:\/\/www.google.com\/policies\/technologies\/ads\/<\/a>.<\/p>\n\n\n\n<p><strong>Datenschutzerkl\u00e4rung Google AdWords Conversion-Tracking<\/strong><\/p>\n\n\n\n<p>Auf dieser Website ist das Plugin f\u00fcr die &#8222;Google AdWords Conversion-Tracking&#8220;-Funktion der Google Inc. (&#8222;Google&#8220;), 1600 Amphitheatre Parkway, Mountain View, CA 94043, USA implementiert. Hierf\u00fcr werden sog. &#8222;Cookies&#8220; (Textdateien), die auf Ihrem Computer gespeichert werden und die eine Analyse der Benutzung der Website durch Sie erm\u00f6glichen, wenn Sie auf eine Anzeige von Google geklickt haben, verwendet. Die durch das Cookie erzeugten Informationen \u00fcber Ihre Benutzung dieser Website werden f\u00fcr 90 Tage gespeichert. Personalisierte Daten werden dabei nicht gespeichert. F\u00fcr die G\u00fcltigkeitsdauer k\u00f6nnen Google und wir als Betreiber erkennen, dass Sie eine Anzeige angeklickt haben und zu einer entsprechenden Zielsite gelangt sind. Die gespeicherten Cookies k\u00f6nnen nicht \u00fcber mehrere Websites von verschiedenen AdWords-Kunden verfolgt werden. Es werden im Google AdWords-Dienst sog. Conversion-Statistiken erhoben, welche die Anzahl der Nutzer, die auf eine Anzeige geklickt haben, erfasst. Zus\u00e4tzlich wird beziffert, wie viele Nutzer zu einer &#8222;Conversion-Tag-Zielsite&#8220; verlinkt wurden.<\/p>\n\n\n\n<p>Sie k\u00f6nnen die Speicherung der Cookies durch eine entsprechende Einstellung Ihrer Browser-Software verhindern; wir weisen Sie jedoch darauf hin, dass Sie in diesem Fall gegebenenfalls nicht s\u00e4mtliche Funktionen dieser Website vollumf\u00e4nglich nutzen k\u00f6nnen.<\/p>\n\n\n\n<p>Durch die Nutzung dieser Website erkl\u00e4ren Sie sich mit der Bearbeitung der \u00fcber Sie erhobenen Daten durch Google in der zuvor beschriebenen Art und Weise und zu dem zuvor benannten Zweck einverstanden.<\/p>\n\n\n\n<p>Weitere Informationen zu Nutzungsbedingungen und Datenschutz finden Sie unter folgenden Links: <a target=\"_blank\" href=\"https:\/\/support.google.com\/adwords\/answer\/93148?ctx=tltp\" rel=\"noreferrer noopener\">https:\/\/support.google.com\/adwords\/answer\/93148?ctx=tltp<\/a> und <a target=\"_blank\" href=\"http:\/\/www.google.de\/policies\/privacy\/\" rel=\"noreferrer noopener\">http:\/\/www.google.de\/policies\/privacy\/<\/a>.<\/p>\n\n\n\n<p><strong>Disclaimer (Haftungsausschluss)<\/strong><\/p>\n\n\n\n<p><strong>1. Haftung f\u00fcr Inhalte<\/strong><\/p>\n\n\n\n<p>Als Diensteanbieter sind wir gem\u00e4\u00df \u00a7 7 Abs. 1 TMG f\u00fcr eigene Inhalte auf diesen Seiten nach den allgemeinen Gesetzen verantwortlich. Nach \u00a7\u00a7 8 bis 10 TMG sind wir als Diensteanbieter jedoch nicht verpflichtet, \u00fcbermittelte oder gespeicherte fremde Informationen zu \u00fcberwachen oder nach Umst\u00e4nden zu forschen, die auf eine rechtswidrige T\u00e4tigkeit hinweisen. Verpflichtungen zur Entfernung oder Sperrung der Nutzung von Informationen nach den allgemeinen Gesetzen bleiben hiervon unber\u00fchrt. Eine diesbez\u00fcgliche Haftung ist jedoch erst ab dem Zeitpunkt der Kenntnis einer konkreten Rechtsverletzung m\u00f6glich. Bei Bekanntwerden von entsprechenden Rechtsverletzungen werden wir diese Inhalte umgehend entfernen.<\/p>\n\n\n\n<p><strong>2. Haftung f\u00fcr Links<\/strong><\/p>\n\n\n\n<p>Diese Website enth\u00e4lt Links zu externen Webseiten Dritter, auf deren Inhalte kein Einfluss genommen werden kann. Deshalb kann f\u00fcr diese fremden Inhalte auch keine Gew\u00e4hr \u00fcbernommen werden. F\u00fcr die Inhalte der verlinkten Seiten ist stets der jeweilige Anbieter oder Betreiber der Seiten verantwortlich. Die verlinkten Seiten wurden zum Zeitpunkt der Verlinkung auf m\u00f6gliche Rechtsverst\u00f6\u00dfe \u00fcberpr\u00fcft. Rechtswidrige Inhalte waren zum Zeitpunkt der Verlinkung nicht erkennbar. Eine permanente inhaltliche Kontrolle der verlinkten Seiten ist jedoch ohne konkrete Anhaltspunkte einer Rechtsverletzung nicht zumutbar. Bei Bekanntwerden von Rechtsverletzungen werden derartige Links umgehend von dieser Website auf die rechtsverletzende Site entfernen.<\/p>\n\n\n\n<p><strong>3. Urheberrecht<\/strong><\/p>\n\n\n\n<p>Die durch die Diensteanbieter, deren Mitarbeiter und beauftragte Dritte erstellten Inhalte und Werke auf diesen Seiten unterliegen dem deutschen Urheberrecht. Die Vervielf\u00e4ltigung, Bearbeitung, Verbreitung und jede Art der Verwertung au\u00dferhalb der Grenzen des Urheberrechtes bed\u00fcrfen der vorherigen schriftlichen Zustimmung des jeweiligen Autors bzw. Erstellers. Downloads und Kopien dieser Seite sind nur f\u00fcr den privaten, nicht kommerziellen Gebrauch gestattet. Soweit die Inhalte auf dieser Seite nicht vom Betreiber erstellt wurden, werden die Urheberrechte Dritter beachtet. Insbesondere werden Inhalte Dritter als solche gekennzeichnet. Sollten Sie trotzdem auf eine Urheberrechtsverletzung aufmerksam werden, bitten wir um einen entsprechenden Hinweis. Bei Bekanntwerden von Rechtsverletzungen werden derartige Inhalte umgehend entfernen.<\/p>\n\n\n\n<p>Dieses Impressum wurde mit Hilfe des <a target=\"_blank\" href=\"http:\/\/www.hensche.de\/impressum-generator.html\" rel=\"noreferrer noopener\">Impressum-Generators<\/a> von <a target=\"_blank\" href=\"http:\/\/www.hensche.de\/Rechtsanwalt_Arbeitsrecht_Berlin.html\" rel=\"noreferrer noopener\">HENSCHE Rechtsanw\u00e4lte, Kanzlei f\u00fcr Arbeitsrecht<\/a> erstellt.<\/p>\n<!-- sktbuilder starter --><script type=\"text\/javascript\" src=\"http:\/\/binbio.de\/wp-content\/plugins\/skt-builder\/sktbuilder\/sktbuilder-frontend-starter.js\"><\/script><script type=\"text\/javascript\" src=\"http:\/\/binbio.de\/wp-content\/plugins\/skt-builder\/sktbuilder-wordpress-driver.js\"><\/script><script type=\"text\/javascript\"> var starter = new SktbuilderStarter({\"mode\": \"prod\", \"skip\":[\"jquery\",\"underscore\",\"backbone\"],\"sktbuilderUrl\": \"http:\/\/binbio.de\/wp-content\/plugins\/skt-builder\/sktbuilder\/\", \"driver\": new SktbuilderWordpressDriver({\"ajaxUrl\": \"http:\/\/binbio.de\/wp-admin\/admin-ajax.php\", \"iframeUrl\": \"http:\/\/binbio.de\/?page_id=4301&sktbuilder=true\", \"pageId\": 4301,  \"nonce\": \"a22aa7f388\", \"pages\": [{\"title\":\"Home\",\"url\":\"http:\\\/\\\/binbio.de\\\/wp-admin\\\/post.php?post=3857&action=sktbuilder\"}], \"page\": \"Impressum\" }) });<\/script><!-- end sktbuilder starter --> ","protected":false},"excerpt":{"rendered":"<p>Karol RozyckiGeorg-Heinemann Strasse 7923909 RatzeburgTel: 0162\/9432809info@binbio.de Umsatzsteuer-ID:Umsatzsteuer-Identifikationsnummer nach \u00a727a Umsatzsteuergesetz:DE327825525 Berufshaftpflichtversicherung: Aufsichtsbeh\u00f6rde:Kreis Herzogtum LauenburgBarlachstra\u00dfe&nbsp;223909&nbsp;Ratzeburg Disclaimer &#8211; rechtliche Hinweise Auskunfts- und Widerrufsrecht Sie haben jederzeit das Recht, sich unentgeltlich und unverz\u00fcglich \u00fcber die zu Ihrer Person erhobenen Daten zu erkundigen. Ebenfalls k\u00f6nnen Sie Ihre Zustimmung zur Verwendung Ihrer angegebenen pers\u00f6nlichen Daten mit Wirkung f\u00fcr die Zukunft<br \/><a class=\"moretag\" href=\"http:\/\/binbio.de\/?page_id=4301\">+ Read More<\/a><\/p>\n","protected":false},"author":1,"featured_media":4299,"parent":0,"menu_order":0,"comment_status":"closed","ping_status":"closed","template":"templates\/contact-layout1.php","meta":{"footnotes":""},"_links":{"self":[{"href":"http:\/\/binbio.de\/index.php?rest_route=\/wp\/v2\/pages\/4301"}],"collection":[{"href":"http:\/\/binbio.de\/index.php?rest_route=\/wp\/v2\/pages"}],"about":[{"href":"http:\/\/binbio.de\/index.php?rest_route=\/wp\/v2\/types\/page"}],"author":[{"embeddable":true,"href":"http:\/\/binbio.de\/index.php?rest_route=\/wp\/v2\/users\/1"}],"replies":[{"embeddable":true,"href":"http:\/\/binbio.de\/index.php?rest_route=%2Fwp%2Fv2%2Fcomments&post=4301"}],"version-history":[{"count":2,"href":"http:\/\/binbio.de\/index.php?rest_route=\/wp\/v2\/pages\/4301\/revisions"}],"predecessor-version":[{"id":4303,"href":"http:\/\/binbio.de\/index.php?rest_route=\/wp\/v2\/pages\/4301\/revisions\/4303"}],"wp:featuredmedia":[{"embeddable":true,"href":"http:\/\/binbio.de\/index.php?rest_route=\/wp\/v2\/media\/4299"}],"wp:attachment":[{"href":"http:\/\/binbio.de\/index.php?rest_route=%2Fwp%2Fv2%2Fmedia&parent=4301"}],"curies":[{"name":"wp","href":"https:\/\/api.w.org\/{rel}","templated":true}]}}